{"id":137,"date":"2019-04-14T17:23:56","date_gmt":"2019-04-14T15:23:56","guid":{"rendered":"http:\/\/technical-publishing.de\/?page_id=137"},"modified":"2025-06-13T19:56:30","modified_gmt":"2025-06-13T17:56:30","slug":"datenschutzerklaerung","status":"publish","type":"page","link":"http:\/\/technical-publishing.de\/?page_id=137","title":{"rendered":"Datenschutzerkl\u00e4rung"},"content":{"rendered":"\n<h2 class=\"wp-block-heading\">Wer wir sind<\/h2>\n\n\n\n<p>Die Adresse unserer Website ist: http:\/\/technical-publishing.de.<\/p>\n\n\n<p><span style=\"font-size: 22px;\"><strong>Datenschutzerkl\u00e4rung<\/strong><\/span><\/p>\n<p><span style=\"font-size: 14px;\">Soweit nachstehend keine anderen Angaben gemacht werden, ist die Bereitstellung Ihrer personenbezogenen Daten weder gesetzlich oder vertraglich vorgeschrieben, noch f\u00fcr einen Vertragsabschluss erforderlich. Sie sind zur Bereitstellung der Daten nicht verpflichtet. Eine Nichtbereitstellung hat keine Folgen. Dies gilt nur soweit bei den nachfolgenden Verarbeitungsvorg\u00e4ngen keine anderweitige Angabe gemacht wird.<br \/>&#8222;Personenbezogene Daten&#8220; sind alle Informationen, die sich auf eine identifizierte oder identifizierbare nat\u00fcrliche Person beziehen.<\/span><\/p>\n<div><strong><span style=\"font-size: 14px;\">Server-Logfiles<\/span><\/strong><\/div>\n<div><span style=\"font-size: 14px;\">Sie k\u00f6nnen unsere Webseiten besuchen, ohne Angaben zu Ihrer Person zu machen.\u00a0<\/span><\/div>\n<div><span style=\"font-size: 14px;\">Bei jedem Zugriff auf unsere Website werden an uns oder unseren Webhoster \/ IT-Dienstleister Nutzungsdaten durch Ihren Internet Browser \u00fcbermittelt und in Protokolldaten (sog. Server-Logfiles) gespeichert. Zu diesen gespeicherten Daten geh\u00f6ren z.B. der Name der aufgerufenen Seite, Datum und Uhrzeit des Abrufs, die IP-Adresse, die \u00fcbertragene Datenmenge und der anfragende Provider. Die Verarbeitung erfolgt auf Grundlage des Art. 6 Abs. 1 lit. f DSGVO aus unserem \u00fcberwiegenden berechtigten Interesse an der Gew\u00e4hrleistung eines st\u00f6rungsfreien Betriebs unserer Website sowie zur Verbesserung unseres Angebotes.\u00a0<\/span>\u00a0<\/div>\n<div>\n<div><em><strong><span style=\"font-size: 20px;\">Cookies\u00a0<\/span><\/strong><\/em><\/div>\n<div>\u00a0<\/div>\n<div><span style=\"font-size: 14px;\">Unsere Website verwendet Cookies. Cookies sind kleine Textdateien, die im Internetbrowser bzw. vom Internetbrowser auf dem Computersystem eines Nutzers gespeichert werden. Ruft ein Nutzer eine Website auf, so kann ein Cookie auf dem Betriebssystem des Nutzers gespeichert werden. Dieser Cookie enth\u00e4lt eine charakteristische Zeichenfolge, die eine eindeutige Identifizierung des Browsers beim erneuten Aufrufen der Website erm\u00f6glicht.\u00a0<\/span><\/div>\n<div><span style=\"font-size: 14px;\">Wir setzen diese Cookies zu dem Zweck ein, unser Angebot nutzerfreundlicher, effektiver und sicherer zu machen. Des Weiteren erm\u00f6glichen Cookies unseren Systemen, Ihren Browser auch nach einem Seitenwechsel zu erkennen und Ihnen Services anzubieten. Einige Funktionen unserer Internetseite k\u00f6nnen ohne den Einsatz von Cookies nicht angeboten werden. F\u00fcr diese ist es erforderlich, dass der Browser auch nach einem Seitenwechsel wiedererkannt wird.<\/span><\/div>\n<div><span style=\"font-size: 14px;\">Die Verarbeitung erfolgt auf Grundlage des Art. 6 Abs. 1 lit. f DSGVO aus unserem \u00fcberwiegenden berechtigten Interesse an der Gew\u00e4hrleistung der optimalen Funktionalit\u00e4t der Website sowie einer nutzerfreundlichen und effektiven Gestaltung unseres Angebots.<\/span><\/div>\n<div><span style=\"font-size: 14px;\">Cookies werden auf Ihrem Rechner gespeichert. Daher haben Sie die volle Kontrolle \u00fcber die Verwendung von Cookies. Durch die Auswahl entsprechender technischer Einstellungen in Ihrem Internetbrowser k\u00f6nnen Sie vor dem Setzen von Cookies benachrichtigt werden und \u00fcber die Annahme einzeln entscheiden sowie die Speicherung der Cookies und \u00dcbermittlung der enthaltenen Daten verhindern. Bereits gespeicherte Cookies k\u00f6nnen jederzeit gel\u00f6scht werden. Wir weisen Sie jedoch darauf hin, dass Sie dann gegebenenfalls nicht s\u00e4mtliche Funktionen dieser Website vollumf\u00e4nglich werden nutzen k\u00f6nnen.<\/span><\/div>\n<div><span style=\"font-size: 14px;\">Unter den nachstehenden Links k\u00f6nnen Sie sich informieren, wie Sie die Cookies bei den wichtigsten Browsern verwalten (u.a. auch deaktivieren) k\u00f6nnen:<\/span><\/div>\n<div><span style=\"font-size: 14px;\">Chrome Browser: <a href=\"https:\/\/support.google.com\/accounts\/answer\/61416?hl=de\" target=\"_blank\" rel=\"noopener noreferrer\">https:\/\/support.google.com\/accounts\/answer\/61416?hl=de<\/a><\/span><\/div>\n<div><span style=\"font-size: 14px;\">Internet Explorer: <a href=\"https:\/\/support.microsoft.com\/de-de\/help\/17442\/windows-internet-explorer-delete-manage-cookies\" target=\"_blank\" rel=\"noopener noreferrer\">https:\/\/support.microsoft.com\/de-de\/help\/17442\/windows-internet-explorer-delete-manage-cookies<\/a><\/span><\/div>\n<div><span style=\"font-size: 14px;\">Mozilla Firefox: <a href=\"https:\/\/support.mozilla.org\/de\/kb\/cookies-erlauben-und-ablehnen\" target=\"_blank\" rel=\"noopener noreferrer\">https:\/\/support.mozilla.org\/de\/kb\/cookies-erlauben-und-ablehnen<\/a><\/span><\/div>\n<div><span style=\"font-size: 14px;\">Safari: <a href=\"https:\/\/support.apple.com\/de-de\/guide\/safari\/manage-cookies-and-website-data-sfri11471\/mac\" target=\"_blank\" rel=\"noopener noreferrer\">https:\/\/support.apple.com\/de-de\/guide\/safari\/manage-cookies-and-website-data-sfri11471\/mac<\/a><\/span>\u00a0<\/div>\n<\/div>\n<p><span style=\"font-size: 20px;\"><strong><em>Plug-ins<\/em><\/strong><\/span><\/p>\n<div><span style=\"font-size: 14px;\"><strong>Verwendung von YouTube<\/strong><br \/>Wir verwenden auf unserer Website die Funktion zur Einbettung von YouTube-Videos der\u00a0<\/span><span style=\"font-size: 14px;\">Google Ireland Limited\u00a0(Gordon House, Barrow Street, Dublin 4, Irland<\/span><span style=\"font-size: 14px;\">; \u201eYouTube\u201c).YouTube ist ein mit der Google LLC (1600 Amphitheatre Parkway, Mountain View, CA 94043, USA; \u201cGoogle\u201d) verbundenes Unternehmen.<br \/>Die Funktion zeigt bei YouTube hinterlegte Videos in einem iFrame auf der Website an. Dabei ist die Option \u201eErweiterter Datenschutzmodus\u201c aktiviert. Dadurch werden von YouTube keine Informationen \u00fcber die Besucher der Website gespeichert. Erst wenn Sie sich ein Video ansehen, werden Informationen dar\u00fcber an YouTube \u00fcbermittelt und dort gespeichert. Ihre Daten werden gegebenenfalls in die USA \u00fcbermittelt. Die \u00dcbermittlung in Drittstaaten wie die USA kann mit Risiken verbunden sein. Es gelten dabei die Datenschutzhinweise von Google.<br \/>N\u00e4here Informationen zur Erhebung und Nutzung der Daten durch YouTube und Google, \u00fcber Ihre diesbez\u00fcglichen Rechte und M\u00f6glichkeiten zum Schutz Ihrer Privatsph\u00e4re finden Sie in den Datenschutzhinweisen von YouTube (<a href=\"https:\/\/www.youtube.com\/t\/privacy\" target=\"_blank\" rel=\"noopener noreferrer\">https:\/\/www.youtube.com\/t\/privacy<\/a>).<\/span>\u00a0<\/div>\n<p><span style=\"font-size: 20px;\"><strong><em>Betroffenenrechte und Speicherdauer<\/em><\/strong><\/span><\/p>\n<p><span style=\"font-size: 14px;\"><strong>Dauer der Speicherung<\/strong><br \/>Nach vollst\u00e4ndiger Vertragsabwicklung werden die Daten zun\u00e4chst f\u00fcr die Dauer der Gew\u00e4hrleistungsfrist, danach unter Ber\u00fccksichtigung gesetzlicher, insbesondere steuer- und handelsrechtlicher Aufbewahrungsfristen gespeichert und dann nach Fristablauf gel\u00f6scht, sofern Sie der weitergehenden Verarbeitung und Nutzung nicht zugestimmt haben.<\/span><\/p>\n<p><span style=\"font-size: 14px;\"><strong>Rechte der betroffenen Person<\/strong><br \/>Ihnen stehen bei Vorliegen der gesetzlichen Voraussetzungen folgende Rechte nach Artt. 15 bis 20 DSGVO zu: Recht auf Auskunft, auf Berichtigung, auf L\u00f6schung, auf Einschr\u00e4nkung der Verarbeitung, auf Daten\u00fcbertragbarkeit.<br \/>Au\u00dferdem steht Ihnen nach Art. 21 Abs. 1 DSGVO ein Widerspruchsrecht gegen die Verarbeitungen zu, die auf Art. 6 Abs. 1 f DSGVO beruhen, sowie gegen die Verarbeitung zum Zwecke von Direktwerbung.<\/span><\/p>\n<p><span style=\"font-size: 14px;\">Kontaktieren Sie uns auf Wunsch. Die Kontaktdaten finden Sie in unserem Impressum.<\/span><\/p>\n<p><span style=\"font-size: 14px;\"><strong>Beschwerderecht bei der Aufsichtsbeh\u00f6rde<\/strong><br \/>Sie haben gem\u00e4\u00df Art. 77 DSGVO das Recht, sich bei der Aufsichtsbeh\u00f6rde zu beschweren, wenn Sie der Ansicht sind, dass die Verarbeitung Ihrer personenbezogenen Daten nicht rechtm\u00e4\u00dfig erfolgt.<\/span><\/p>\n<p><span style=\"font-size: 14px;\"><strong>Widerspruchsrecht<\/strong><br \/>Beruhen die hier aufgef\u00fchrten personenbezogenen Datenverarbeitungen auf Grundlage unseres berechtigten Interesses nach Art. 6 Abs. 1 lit. f DSGVO, haben Sie das Recht aus Gr\u00fcnden, die sich aus Ihrer besonderen Situation ergeben, jederzeit diesen Verarbeitungen mit Wirkung f\u00fcr die Zukunft zu widersprechen.<br \/>Nach erfolgtem Widerspruch wird die Verarbeitung der betroffenen Daten beendet, es sei denn, wir k\u00f6nnen zwingende schutzw\u00fcrdige Gr\u00fcnde f\u00fcr die Verarbeitung nachweisen, die Ihren Interessen, Rechten und Freiheiten \u00fcberwiegen, oder wenn die Verarbeitung der Geltendmachung, Aus\u00fcbung oder Verteidigung von Rechtsanspr\u00fcchen dient.<\/span><\/p>\n<p><span style=\"font-size: 14px;\">Erfolgt die personenbezogene Datenverarbeitung zu Zwecken der Direktwerbung, k\u00f6nnen Sie dieser Verarbeitung jederzeit durch Mitteilung an uns widersprechen. Nach erfolgtem Widerspruch beenden wir die Verarbeitung der betroffenen Daten zum Zwecke der Direktwerbung.<\/span><\/p>\n<p><span style=\"font-size: 14px;\">letzte Aktualisierung: 13.06.2025<\/span><\/p>","protected":false},"excerpt":{"rendered":"<p>Wer wir sind Die Adresse unserer Website ist: http:\/\/technical-publishing.de. Datenschutzerkl\u00e4rung Soweit nachstehend keine anderen Angaben gemacht werden, ist die Bereitstellung Ihrer personenbezogenen Daten weder gesetzlich oder vertraglich vorgeschrieben, noch f\u00fcr einen Vertragsabschluss erforderlich. Sie sind zur Bereitstellung der Daten nicht verpflichtet. Eine Nichtbereitstellung hat keine Folgen. Dies gilt nur soweit bei den nachfolgenden Verarbeitungsvorg\u00e4ngen keine&hellip;&nbsp;<a href=\"http:\/\/technical-publishing.de\/?page_id=137\" rel=\"bookmark\">Weiterlesen &raquo;<span class=\"screen-reader-text\">Datenschutzerkl\u00e4rung<\/span><\/a><\/p>\n","protected":false},"author":1,"featured_media":0,"parent":0,"menu_order":0,"comment_status":"closed","ping_status":"closed","template":"","meta":{"neve_meta_sidebar":"","neve_meta_container":"","neve_meta_enable_content_width":"","neve_meta_content_width":70,"neve_meta_title_alignment":"","neve_meta_author_avatar":"","neve_post_elements_order":"","neve_meta_disable_header":"","neve_meta_disable_footer":"","neve_meta_disable_title":"","_themeisle_gutenberg_block_has_review":false,"footnotes":""},"class_list":["post-137","page","type-page","status-publish","hentry"],"_links":{"self":[{"href":"http:\/\/technical-publishing.de\/index.php?rest_route=\/wp\/v2\/pages\/137","targetHints":{"allow":["GET"]}}],"collection":[{"href":"http:\/\/technical-publishing.de\/index.php?rest_route=\/wp\/v2\/pages"}],"about":[{"href":"http:\/\/technical-publishing.de\/index.php?rest_route=\/wp\/v2\/types\/page"}],"author":[{"embeddable":true,"href":"http:\/\/technical-publishing.de\/index.php?rest_route=\/wp\/v2\/users\/1"}],"replies":[{"embeddable":true,"href":"http:\/\/technical-publishing.de\/index.php?rest_route=%2Fwp%2Fv2%2Fcomments&post=137"}],"version-history":[{"count":6,"href":"http:\/\/technical-publishing.de\/index.php?rest_route=\/wp\/v2\/pages\/137\/revisions"}],"predecessor-version":[{"id":1395,"href":"http:\/\/technical-publishing.de\/index.php?rest_route=\/wp\/v2\/pages\/137\/revisions\/1395"}],"wp:attachment":[{"href":"http:\/\/technical-publishing.de\/index.php?rest_route=%2Fwp%2Fv2%2Fmedia&parent=137"}],"curies":[{"name":"wp","href":"https:\/\/api.w.org\/{rel}","templated":true}]}}