{"id":229,"date":"2019-04-14T20:34:13","date_gmt":"2019-04-14T18:34:13","guid":{"rendered":"http:\/\/technical-publishing.de\/?page_id=229"},"modified":"2025-06-06T21:56:49","modified_gmt":"2025-06-06T19:56:49","slug":"seitenbefehle","status":"publish","type":"page","link":"http:\/\/technical-publishing.de\/?page_id=229","title":{"rendered":"Seitenbefehle"},"content":{"rendered":"<hr>\n<h3 id=\"page\">page<\/h3>\n<p><code>page id<br \/>\npage name<\/code><\/p>\n<p>Eine Oberfl\u00e4che kann in der Nextion-Anzeige aus mehreren Seiten (pages) bestehen. Das ist eine sehr n\u00fctzliche Funktion, um bestimmte Elemente nach ihrer Funktionalit\u00e4t zu ordnen.<\/p>\n<div class=\"beispiel\">\n<p>Beispiel: Sie erstellen 3 Seiten mit den Namen &#8222;setup&#8220;, &#8222;messung&#8220; und &#8222;analyse&#8220;. Dann platzieren Sie auf allen Seiten 3 Buttons als Men\u00fc am oberen Ende des Bildschirms, benennen sie gleich und beschriften sie auch entsprechend. W\u00e4hlen Sie jetzt als &#8222;Touch Press Event&#8220; des jeweiligen Buttons die folgenden Befehle:<\/p>\n<ul>\n<li>Button &#8222;setup&#8220;: <code>page setup<\/code><\/li>\n<li>Button &#8222;messung&#8220;: <code>page messung<\/code><\/li>\n<li>Button &#8222;analyse&#8220;: <code>page analyse<\/code><\/li>\n<\/ul>\n<p>Wenn Sie jetzt auf einen der Button klicken, wird die entsprechende Seite aktiviert.<\/p>\n<\/div>\n<p>&nbsp;<\/p>\n<div class=\"hinweis\"><span style=\"color: #0000ff;\">Beispiel-Befehl vom Host:<\/span> <code>page setup 0xff 0xff 0xff<\/code><\/div>\n<hr>\n<h3 id=\"ref_stop\">ref_stop<\/h3>\n<p><code>ref_stop<\/code><\/p>\n<p>Dieser Befehl ist parameterlos und blockiert den permanenten Refresh der Seite. Das kann z. B. bei einer Waveform-Komponente sinnvoll sein, wenn Sie nicht bei jedem neuen Datenpunkt neu gezeichnet werden soll. In diesem Fall sperren Sie den Refresh bis alle Daten eingetragen wurden und starten dann kurzfristig den Refresh erneut.<\/p>\n<div class=\"hinweis\"><span style=\"color: #0000ff;\">Beispiel-Befehl vom Host:<\/span> <code>ref_stop 0xff 0xff 0xff<\/code><\/div>\n<hr>\n<h3 id=\"ref_star\">ref_star<\/h3>\n<p><code>ref_star<\/code><\/p>\n<p>Das Gegenst\u00fcck zu <code>ref_stop<\/code> ist dieser Befehl. Er aktiviert den automatischen Refresh wieder.<\/p>\n<div class=\"hinweis\"><span style=\"color: #0000ff;\">Beispiel-Befehl vom Host:<\/span> <code>ref_star 0xff 0xff 0xff<\/code><\/div>\n<hr>\n<h3 id=\"doevents\">doevents<\/h3>\n<p><code>dovents<\/code><\/p>\n<p>Der Befehl erzwingt einen Screen-Refresh. Sie k\u00f6nnen z. B. den automatischen Refresh deaktivieren und dann gezielt nur nach bestimmten Ereignissen den Screen neu zeichnen lassen.<\/p>\n<div class=\"hinweis\"><span style=\"color: #0000ff;\">Beispiel-Befehl vom Host:<\/span> <code>doevents 0xff 0xff 0xff<\/code><\/div>\n","protected":false},"excerpt":{"rendered":"<p>page page id page name Eine Oberfl\u00e4che kann in der Nextion-Anzeige aus mehreren Seiten (pages) bestehen. Das ist eine sehr n\u00fctzliche Funktion, um bestimmte Elemente nach ihrer Funktionalit\u00e4t zu ordnen. Beispiel: Sie erstellen 3 Seiten mit den Namen &#8222;setup&#8220;, &#8222;messung&#8220; und &#8222;analyse&#8220;. Dann platzieren Sie auf allen Seiten 3 Buttons als Men\u00fc am oberen Ende&hellip;&nbsp;<a href=\"http:\/\/technical-publishing.de\/?page_id=229\" rel=\"bookmark\">Weiterlesen &raquo;<span class=\"screen-reader-text\">Seitenbefehle<\/span><\/a><\/p>\n","protected":false},"author":1,"featured_media":0,"parent":113,"menu_order":0,"comment_status":"closed","ping_status":"closed","template":"","meta":{"neve_meta_sidebar":"","neve_meta_container":"","neve_meta_enable_content_width":"","neve_meta_content_width":70,"neve_meta_title_alignment":"","neve_meta_author_avatar":"","neve_post_elements_order":"","neve_meta_disable_header":"","neve_meta_disable_footer":"","neve_meta_disable_title":"","_themeisle_gutenberg_block_has_review":false,"footnotes":""},"class_list":["post-229","page","type-page","status-publish","hentry"],"_links":{"self":[{"href":"http:\/\/technical-publishing.de\/index.php?rest_route=\/wp\/v2\/pages\/229","targetHints":{"allow":["GET"]}}],"collection":[{"href":"http:\/\/technical-publishing.de\/index.php?rest_route=\/wp\/v2\/pages"}],"about":[{"href":"http:\/\/technical-publishing.de\/index.php?rest_route=\/wp\/v2\/types\/page"}],"author":[{"embeddable":true,"href":"http:\/\/technical-publishing.de\/index.php?rest_route=\/wp\/v2\/users\/1"}],"replies":[{"embeddable":true,"href":"http:\/\/technical-publishing.de\/index.php?rest_route=%2Fwp%2Fv2%2Fcomments&post=229"}],"version-history":[{"count":2,"href":"http:\/\/technical-publishing.de\/index.php?rest_route=\/wp\/v2\/pages\/229\/revisions"}],"predecessor-version":[{"id":232,"href":"http:\/\/technical-publishing.de\/index.php?rest_route=\/wp\/v2\/pages\/229\/revisions\/232"}],"up":[{"embeddable":true,"href":"http:\/\/technical-publishing.de\/index.php?rest_route=\/wp\/v2\/pages\/113"}],"wp:attachment":[{"href":"http:\/\/technical-publishing.de\/index.php?rest_route=%2Fwp%2Fv2%2Fmedia&parent=229"}],"curies":[{"name":"wp","href":"https:\/\/api.w.org\/{rel}","templated":true}]}}