{"id":113,"date":"2019-03-17T16:58:25","date_gmt":"2019-03-17T16:58:25","guid":{"rendered":"http:\/\/wordpress.werner-boecker.info\/?page_id=113"},"modified":"2025-06-13T21:35:04","modified_gmt":"2025-06-13T19:35:04","slug":"der-grosse-arduino-lehrgang","status":"publish","type":"page","link":"https:\/\/technical-publishing.de\/?page_id=113","title":{"rendered":"Der gro\u00dfe Arduino-Lehrgang"},"content":{"rendered":"<p>Hier findest Du alle weiterf\u00fchrenden Materialien zu meinem Udemy-Lehrgang &#8222;<a href=\"https:\/\/t1p.de\/3aobp\">Der gro\u00dfe Arduino-Lehrgang vom Anf\u00e4nger zum Profi<\/a>&#8222;.\u00a0<\/p>\n\n\n<div id=\"wp-block-themeisle-blocks-accordion-a69b8eb2\" class=\"wp-block-themeisle-blocks-accordion exclusive\">\n<details class=\"wp-block-themeisle-blocks-accordion-item\"><summary class=\"wp-block-themeisle-blocks-accordion-item__title\"><div>Informationen zum Nextion-Display<\/div><\/summary><div class=\"wp-block-themeisle-blocks-accordion-item__content\">\n<ul class=\"wp-block-list\">\n<li><a href=\"https:\/\/technical-publishing.de\/?page_id=226\" data-type=\"page\" data-id=\"226\">Kommandos zum Nextion senden<\/a><\/li>\n\n\n\n<li><a href=\"https:\/\/technical-publishing.de\/?page_id=94\" data-type=\"page\" data-id=\"94\">Daten vom Nextion empfangen<\/a><\/li>\n\n\n\n<li><a href=\"https:\/\/technical-publishing.de\/?page_id=233\" data-type=\"page\" data-id=\"233\">Komponentenbefehle<\/a><\/li>\n\n\n\n<li><a href=\"https:\/\/technical-publishing.de\/?page_id=235\" data-type=\"page\" data-id=\"235\">Datenbefehle<\/a><\/li>\n\n\n\n<li><a href=\"https:\/\/technical-publishing.de\/?page_id=239\" data-type=\"page\" data-id=\"239\">Kontrollbefehle<\/a><\/li>\n\n\n\n<li><a href=\"https:\/\/technical-publishing.de\/?page_id=229\" data-type=\"page\" data-id=\"229\">Seitenbefehle<\/a><\/li>\n\n\n\n<li><a href=\"https:\/\/technical-publishing.de\/?page_id=131\" data-type=\"page\" data-id=\"131\">Systembefehle<\/a><\/li>\n\n\n\n<li><a href=\"https:\/\/technical-publishing.de\/?page_id=237\" data-type=\"page\" data-id=\"237\">Zeichenbefehle<\/a><\/li>\n\n\n\n<li><a href=\"https:\/\/technical-publishing.de\/?page_id=241\" data-type=\"page\" data-id=\"241\">Systemvariablen<\/a><\/li>\n\n\n\n<li><a href=\"https:\/\/technical-publishing.de\/?page_id=245\" data-type=\"page\" data-id=\"245\">das Nextion-Farbsystem<\/a><\/li>\n\n\n\n<li><a href=\"https:\/\/technical-publishing.de\/?page_id=243\" data-type=\"page\" data-id=\"243\">R\u00fcckgabewerte und Fehlercodes<\/a><\/li>\n\n\n\n<li><a href=\"https:\/\/technical-publishing.de\/?page_id=110\" data-type=\"page\" data-id=\"110\">Alle Nextion-Befehle im \u00dcberblick<\/a><\/li>\n<\/ul>\n<\/div><\/details>\n\n\n\n<details class=\"wp-block-themeisle-blocks-accordion-item\"><summary class=\"wp-block-themeisle-blocks-accordion-item__title\"><div>Accordion title 2<\/div><\/summary><div class=\"wp-block-themeisle-blocks-accordion-item__content\">\n<p>This is a placeholder tab content. It is important to have the necessary information in the block, but at this stage, it is just a placeholder to help you visualise how the content is displayed. Feel free to edit this with your actual content.<\/p>\n<\/div><\/details>\n<\/div>\n\n\n\n<p><\/p>\n","protected":false},"excerpt":{"rendered":"<p>Hier findest Du alle weiterf\u00fchrenden Materialien zu meinem Udemy-Lehrgang &#8222;Der gro\u00dfe Arduino-Lehrgang vom Anf\u00e4nger zum Profi&#8222;.\u00a0<\/p>\n","protected":false},"author":1,"featured_media":0,"parent":1352,"menu_order":0,"comment_status":"closed","ping_status":"closed","template":"","meta":{"neve_meta_sidebar":"","neve_meta_container":"","neve_meta_enable_content_width":"","neve_meta_content_width":70,"neve_meta_title_alignment":"","neve_meta_author_avatar":"","neve_post_elements_order":"","neve_meta_disable_header":"","neve_meta_disable_footer":"","neve_meta_disable_title":"","_themeisle_gutenberg_block_has_review":false,"footnotes":""},"class_list":["post-113","page","type-page","status-publish","hentry"],"_links":{"self":[{"href":"https:\/\/technical-publishing.de\/index.php?rest_route=\/wp\/v2\/pages\/113","targetHints":{"allow":["GET"]}}],"collection":[{"href":"https:\/\/technical-publishing.de\/index.php?rest_route=\/wp\/v2\/pages"}],"about":[{"href":"https:\/\/technical-publishing.de\/index.php?rest_route=\/wp\/v2\/types\/page"}],"author":[{"embeddable":true,"href":"https:\/\/technical-publishing.de\/index.php?rest_route=\/wp\/v2\/users\/1"}],"replies":[{"embeddable":true,"href":"https:\/\/technical-publishing.de\/index.php?rest_route=%2Fwp%2Fv2%2Fcomments&post=113"}],"version-history":[{"count":9,"href":"https:\/\/technical-publishing.de\/index.php?rest_route=\/wp\/v2\/pages\/113\/revisions"}],"predecessor-version":[{"id":1409,"href":"https:\/\/technical-publishing.de\/index.php?rest_route=\/wp\/v2\/pages\/113\/revisions\/1409"}],"up":[{"embeddable":true,"href":"https:\/\/technical-publishing.de\/index.php?rest_route=\/wp\/v2\/pages\/1352"}],"wp:attachment":[{"href":"https:\/\/technical-publishing.de\/index.php?rest_route=%2Fwp%2Fv2%2Fmedia&parent=113"}],"curies":[{"name":"wp","href":"https:\/\/api.w.org\/{rel}","templated":true}]}}