{"id":121,"date":"2019-03-17T17:27:38","date_gmt":"2019-03-17T17:27:38","guid":{"rendered":"http:\/\/technical-publishing.de\/?page_id=121"},"modified":"2019-12-17T13:45:28","modified_gmt":"2019-12-17T12:45:28","slug":"ueber-mich","status":"publish","type":"page","link":"https:\/\/technical-publishing.de\/?page_id=121","title":{"rendered":"\u00dcber mich"},"content":{"rendered":"<h2 data-pm-slice=\"1 1 []\">&nbsp;<\/h2>\n<h2 data-pm-slice=\"1 1 []\"><img loading=\"lazy\" decoding=\"async\" class=\"alignnone wp-image-274 size-full\" src=\"http:\/\/technical-publishing.de\/wp-content\/uploads\/2019\/12\/web_Portrait_klein.jpg\" alt=\"\" width=\"371\" height=\"380\" srcset=\"https:\/\/technical-publishing.de\/wp-content\/uploads\/2019\/12\/web_Portrait_klein.jpg 371w, https:\/\/technical-publishing.de\/wp-content\/uploads\/2019\/12\/web_Portrait_klein-293x300.jpg 293w\" sizes=\"auto, (max-width: 371px) 100vw, 371px\" \/><\/h2>\n<h2 data-pm-slice=\"1 1 []\">Dipl.-Ing.(FH) Werner B\u00f6cker<\/h2>\n<p data-pm-slice=\"1 1 []\">&nbsp;<\/p>\n<p data-pm-slice=\"1 1 []\">Ich verf\u00fcge \u00fcber fast 40 Jahre Erfahrung im Bereich der Mikrocontroller- und Computertechnik. Meine ersten Gehversuche habe ich mit einem Commodore VC20 gemacht und mittlerweile habe ich zahlreiche Systeme selbst entwickelt und weit \u00fcber 100 professionelle Projekte programmiert. Doch was mich noch mehr fasziniert, ist die Vermittlung von Wissen vor allem an Menschen, die gerade anfangen, sich mit dieser Materie zu besch\u00e4ftigen.<\/p>\n<p>Die wichtigsten Stationen meiner beruflichen Biografie sind:<\/p>\n<p>&#8211; Studium der Elektrotechnik an der Fachhochschule Dortmund<\/p>\n<p>&#8211; Ausbildung zum technischen Fachredakteur an der Deutschen Journalistenschule M\u00fcnchen<\/p>\n<p>&#8211; Fachredakteur beim Markt &amp; Technik Verlag, Redaktion Design &amp; Elektronik<\/p>\n<p>&#8211; freiberuflicher Projektingenieur f\u00fcr Mess-, Steuer- und Regeltechnik<\/p>\n<p>&#8211; freiberuflicher Dozent an diversen privaten Schulungseinrichtungen<\/p>\n<p>&#8211; Gesch\u00e4ftsf\u00fchrer eines Planungsb\u00fcros f\u00fcr Geb\u00e4ude- und Sicherheitstechnik<\/p>\n<p>&#8211; Inhaber der B\u00f6cker Systemelektronik, Ingenieurb\u00fcro f\u00fcr Entwicklung und Projektunterst\u00fctzung steuerungstechnischer Systeme<\/p>\n","protected":false},"excerpt":{"rendered":"<p>&nbsp; Dipl.-Ing.(FH) Werner B\u00f6cker &nbsp; Ich verf\u00fcge \u00fcber fast 40 Jahre Erfahrung im Bereich der Mikrocontroller- und Computertechnik. Meine ersten Gehversuche habe ich mit einem Commodore VC20 gemacht und mittlerweile habe ich zahlreiche Systeme selbst entwickelt und weit \u00fcber 100 professionelle Projekte programmiert. Doch was mich noch mehr fasziniert, ist die Vermittlung von Wissen vor&hellip;&nbsp;<a href=\"https:\/\/technical-publishing.de\/?page_id=121\" rel=\"bookmark\">Weiterlesen &raquo;<span class=\"screen-reader-text\">\u00dcber mich<\/span><\/a><\/p>\n","protected":false},"author":1,"featured_media":0,"parent":0,"menu_order":0,"comment_status":"closed","ping_status":"closed","template":"","meta":{"neve_meta_sidebar":"","neve_meta_container":"","neve_meta_enable_content_width":"","neve_meta_content_width":70,"neve_meta_title_alignment":"","neve_meta_author_avatar":"","neve_post_elements_order":"","neve_meta_disable_header":"","neve_meta_disable_footer":"","neve_meta_disable_title":"","_themeisle_gutenberg_block_has_review":false,"footnotes":""},"class_list":["post-121","page","type-page","status-publish","hentry"],"_links":{"self":[{"href":"https:\/\/technical-publishing.de\/index.php?rest_route=\/wp\/v2\/pages\/121","targetHints":{"allow":["GET"]}}],"collection":[{"href":"https:\/\/technical-publishing.de\/index.php?rest_route=\/wp\/v2\/pages"}],"about":[{"href":"https:\/\/technical-publishing.de\/index.php?rest_route=\/wp\/v2\/types\/page"}],"author":[{"embeddable":true,"href":"https:\/\/technical-publishing.de\/index.php?rest_route=\/wp\/v2\/users\/1"}],"replies":[{"embeddable":true,"href":"https:\/\/technical-publishing.de\/index.php?rest_route=%2Fwp%2Fv2%2Fcomments&post=121"}],"version-history":[{"count":5,"href":"https:\/\/technical-publishing.de\/index.php?rest_route=\/wp\/v2\/pages\/121\/revisions"}],"predecessor-version":[{"id":275,"href":"https:\/\/technical-publishing.de\/index.php?rest_route=\/wp\/v2\/pages\/121\/revisions\/275"}],"wp:attachment":[{"href":"https:\/\/technical-publishing.de\/index.php?rest_route=%2Fwp%2Fv2%2Fmedia&parent=121"}],"curies":[{"name":"wp","href":"https:\/\/api.w.org\/{rel}","templated":true}]}}