{"id":1352,"date":"2025-06-12T17:56:19","date_gmt":"2025-06-12T15:56:19","guid":{"rendered":"https:\/\/technical-publishing.de\/?page_id=1352"},"modified":"2025-06-13T21:16:15","modified_gmt":"2025-06-13T19:16:15","slug":"materialien-und-ressourcen","status":"publish","type":"page","link":"https:\/\/technical-publishing.de\/?page_id=1352","title":{"rendered":"Lehrg\u00e4nge und Buchprojekte"},"content":{"rendered":"\n<hr class=\"wp-block-separator has-alpha-channel-opacity\"\/>\n\n\n\n<h2 class=\"wp-block-heading\">Kursmaterialien f\u00fcr meine Lehrg\u00e4nge<\/h2>\n\n\n\n<div class=\"wp-block-columns is-layout-flex wp-container-core-columns-is-layout-9d6595d7 wp-block-columns-is-layout-flex\">\n<div class=\"wp-block-column is-vertically-aligned-stretch is-layout-flow wp-block-column-is-layout-flow\">\n<figure class=\"wp-block-image size-full\"><img loading=\"lazy\" decoding=\"async\" width=\"457\" height=\"258\" src=\"https:\/\/technical-publishing.de\/wp-content\/uploads\/2025\/06\/Screenshot-Arduino-Lehrgang.png\" alt=\"\" class=\"wp-image-1354\" srcset=\"https:\/\/technical-publishing.de\/wp-content\/uploads\/2025\/06\/Screenshot-Arduino-Lehrgang.png 457w, https:\/\/technical-publishing.de\/wp-content\/uploads\/2025\/06\/Screenshot-Arduino-Lehrgang-300x169.png 300w\" sizes=\"auto, (max-width: 457px) 100vw, 457px\" \/><\/figure>\n\n\n\n<h4 class=\"wp-block-heading\">Der gro\u00dfe Arduino-Lehrgang: vom Anf\u00e4nger zum Profi<\/h4>\n\n\n\n<p>Beschreibung folgt<\/p>\n\n\n\n<div class=\"wp-block-buttons is-layout-flex wp-container-core-buttons-is-layout-6b4e3324 wp-block-buttons-is-layout-flex\">\n<div class=\"wp-block-button\"><a class=\"wp-block-button__link wp-element-button\" href=\"https:\/\/technical-publishing.de\/?page_id=113\">Kursmaterialien<\/a><\/div>\n<\/div>\n<\/div>\n\n\n\n<div class=\"wp-block-column is-layout-flow wp-block-column-is-layout-flow\">\n<figure class=\"wp-block-image size-full\"><img loading=\"lazy\" decoding=\"async\" width=\"453\" height=\"253\" src=\"https:\/\/technical-publishing.de\/wp-content\/uploads\/2025\/06\/Screenshot-\u00b5Python.png\" alt=\"\" class=\"wp-image-1356\" srcset=\"https:\/\/technical-publishing.de\/wp-content\/uploads\/2025\/06\/Screenshot-\u00b5Python.png 453w, https:\/\/technical-publishing.de\/wp-content\/uploads\/2025\/06\/Screenshot-\u00b5Python-300x168.png 300w\" sizes=\"auto, (max-width: 453px) 100vw, 453px\" \/><\/figure>\n\n\n\n<h4 class=\"wp-block-heading\">MicroPython: Python f\u00fcr Mikrocontroller<\/h4>\n\n\n\n<p>Beschreibung folgt<\/p>\n\n\n\n<div class=\"wp-block-buttons is-layout-flex wp-block-buttons-is-layout-flex\">\n<div class=\"wp-block-button\"><a class=\"wp-block-button__link wp-element-button\">Kursmaterialien<\/a><\/div>\n<\/div>\n<\/div>\n<\/div>\n\n\n\n<div class=\"wp-block-columns is-layout-flex wp-container-core-columns-is-layout-9d6595d7 wp-block-columns-is-layout-flex\">\n<div class=\"wp-block-column is-layout-flow wp-block-column-is-layout-flow\">\n<figure class=\"wp-block-image size-full\"><img loading=\"lazy\" decoding=\"async\" width=\"457\" height=\"257\" src=\"https:\/\/technical-publishing.de\/wp-content\/uploads\/2025\/06\/Screenshot-Raspi-Arduino.png\" alt=\"\" class=\"wp-image-1362\" srcset=\"https:\/\/technical-publishing.de\/wp-content\/uploads\/2025\/06\/Screenshot-Raspi-Arduino.png 457w, https:\/\/technical-publishing.de\/wp-content\/uploads\/2025\/06\/Screenshot-Raspi-Arduino-300x169.png 300w\" sizes=\"auto, (max-width: 457px) 100vw, 457px\" \/><\/figure>\n\n\n\n<h4 class=\"wp-block-heading\">Raspberry Pi &amp; Arduino: das unschlagbare Duo<\/h4>\n\n\n\n<p>Beschreibung folgt<\/p>\n\n\n\n<div class=\"wp-block-buttons is-layout-flex wp-block-buttons-is-layout-flex\">\n<div class=\"wp-block-button\"><a class=\"wp-block-button__link wp-element-button\">Kursmaterialien<\/a><\/div>\n<\/div>\n<\/div>\n\n\n\n<div class=\"wp-block-column is-layout-flow wp-block-column-is-layout-flow\">\n<figure class=\"wp-block-image size-full\"><img loading=\"lazy\" decoding=\"async\" width=\"456\" height=\"258\" src=\"https:\/\/technical-publishing.de\/wp-content\/uploads\/2025\/06\/Screenshot-ARD2.png\" alt=\"\" class=\"wp-image-1358\" srcset=\"https:\/\/technical-publishing.de\/wp-content\/uploads\/2025\/06\/Screenshot-ARD2.png 456w, https:\/\/technical-publishing.de\/wp-content\/uploads\/2025\/06\/Screenshot-ARD2-300x170.png 300w\" sizes=\"auto, (max-width: 456px) 100vw, 456px\" \/><\/figure>\n\n\n\n<h4 class=\"wp-block-heading\">Arduino: Grundlagenkurs f\u00fcr absolute Einsteiger<\/h4>\n\n\n\n<p>Beschreibung folgt<\/p>\n\n\n\n<div class=\"wp-block-buttons is-layout-flex wp-block-buttons-is-layout-flex\">\n<div class=\"wp-block-button\"><a class=\"wp-block-button__link wp-element-button\">Kursmaterialien<\/a><\/div>\n<\/div>\n<\/div>\n<\/div>\n\n\n\n<div class=\"wp-block-columns is-layout-flex wp-container-core-columns-is-layout-9d6595d7 wp-block-columns-is-layout-flex\">\n<div class=\"wp-block-column is-layout-flow wp-block-column-is-layout-flow\">\n<figure class=\"wp-block-image size-full\"><img loading=\"lazy\" decoding=\"async\" width=\"455\" height=\"255\" src=\"https:\/\/technical-publishing.de\/wp-content\/uploads\/2025\/06\/Screenshot-MIT.png\" alt=\"\" class=\"wp-image-1374\" srcset=\"https:\/\/technical-publishing.de\/wp-content\/uploads\/2025\/06\/Screenshot-MIT.png 455w, https:\/\/technical-publishing.de\/wp-content\/uploads\/2025\/06\/Screenshot-MIT-300x168.png 300w\" sizes=\"auto, (max-width: 455px) 100vw, 455px\" \/><\/figure>\n\n\n\n<h4 class=\"wp-block-heading\">Der schnellste Weg zur eigenen Android-App: MIT App Inventor<\/h4>\n\n\n\n<p>Beschreibung folgt<\/p>\n\n\n\n<div class=\"wp-block-buttons is-layout-flex wp-block-buttons-is-layout-flex\">\n<div class=\"wp-block-button\"><a class=\"wp-block-button__link wp-element-button\">Kursmaterialien<\/a><\/div>\n<\/div>\n<\/div>\n\n\n\n<div class=\"wp-block-column is-layout-flow wp-block-column-is-layout-flow\"><\/div>\n<\/div>\n\n\n\n<hr class=\"wp-block-separator has-alpha-channel-opacity\"\/>\n\n\n\n<h2 class=\"wp-block-heading\">Zusatzmaterialien f\u00fcr meine B\u00fccher<\/h2>\n\n\n\n<div class=\"wp-block-columns is-layout-flex wp-container-core-columns-is-layout-9d6595d7 wp-block-columns-is-layout-flex\">\n<div class=\"wp-block-column is-layout-flow wp-block-column-is-layout-flow\">\n<figure class=\"wp-block-image size-large is-resized\"><img loading=\"lazy\" decoding=\"async\" width=\"700\" height=\"494\" src=\"https:\/\/technical-publishing.de\/wp-content\/uploads\/2025\/06\/embedded-c-700x494.jpg\" alt=\"\" class=\"wp-image-1364\" style=\"width:459px;height:auto\" srcset=\"https:\/\/technical-publishing.de\/wp-content\/uploads\/2025\/06\/embedded-c-700x494.jpg 700w, https:\/\/technical-publishing.de\/wp-content\/uploads\/2025\/06\/embedded-c-300x212.jpg 300w, https:\/\/technical-publishing.de\/wp-content\/uploads\/2025\/06\/embedded-c-768x542.jpg 768w, https:\/\/technical-publishing.de\/wp-content\/uploads\/2025\/06\/embedded-c-1536x1084.jpg 1536w, https:\/\/technical-publishing.de\/wp-content\/uploads\/2025\/06\/embedded-c.jpg 1920w\" sizes=\"auto, (max-width: 700px) 100vw, 700px\" \/><\/figure>\n\n\n\n<h4 class=\"wp-block-heading\">Mit dem Arduino zum Embedded-C-Profi<\/h4>\n\n\n\n<p>Beschreibung folgt<\/p>\n\n\n\n<div class=\"wp-block-buttons is-layout-flex wp-block-buttons-is-layout-flex\">\n<div class=\"wp-block-button\"><a class=\"wp-block-button__link wp-element-button\">Zusatzmaterialien<\/a><\/div>\n<\/div>\n<\/div>\n\n\n\n<div class=\"wp-block-column is-layout-flow wp-block-column-is-layout-flow\"><\/div>\n<\/div>\n\n\n\n<div class=\"wp-block-group\"><div class=\"wp-block-group__inner-container is-layout-constrained wp-block-group-is-layout-constrained\">\n<div class=\"wp-block-columns is-layout-flex wp-container-core-columns-is-layout-9d6595d7 wp-block-columns-is-layout-flex\">\n<div class=\"wp-block-column is-layout-flow wp-block-column-is-layout-flow\" style=\"flex-basis:100%\"><\/div>\n<\/div>\n<\/div><\/div>\n\n\n\n<p><\/p>\n","protected":false},"excerpt":{"rendered":"<p>Kursmaterialien f\u00fcr meine Lehrg\u00e4nge Der gro\u00dfe Arduino-Lehrgang: vom Anf\u00e4nger zum Profi Beschreibung folgt MicroPython: Python f\u00fcr Mikrocontroller Beschreibung folgt Raspberry Pi &amp; Arduino: das unschlagbare Duo Beschreibung folgt Arduino: Grundlagenkurs f\u00fcr absolute Einsteiger Beschreibung folgt Der schnellste Weg zur eigenen Android-App: MIT App Inventor Beschreibung folgt Zusatzmaterialien f\u00fcr meine B\u00fccher Mit dem Arduino zum Embedded-C-Profi&hellip;&nbsp;<a href=\"https:\/\/technical-publishing.de\/?page_id=1352\" rel=\"bookmark\">Weiterlesen &raquo;<span class=\"screen-reader-text\">Lehrg\u00e4nge und Buchprojekte<\/span><\/a><\/p>\n","protected":false},"author":1,"featured_media":0,"parent":0,"menu_order":0,"comment_status":"closed","ping_status":"closed","template":"","meta":{"neve_meta_sidebar":"","neve_meta_container":"","neve_meta_enable_content_width":"","neve_meta_content_width":0,"neve_meta_title_alignment":"","neve_meta_author_avatar":"","neve_post_elements_order":"","neve_meta_disable_header":"","neve_meta_disable_footer":"","neve_meta_disable_title":"","_themeisle_gutenberg_block_has_review":false,"footnotes":""},"class_list":["post-1352","page","type-page","status-publish","hentry"],"_links":{"self":[{"href":"https:\/\/technical-publishing.de\/index.php?rest_route=\/wp\/v2\/pages\/1352","targetHints":{"allow":["GET"]}}],"collection":[{"href":"https:\/\/technical-publishing.de\/index.php?rest_route=\/wp\/v2\/pages"}],"about":[{"href":"https:\/\/technical-publishing.de\/index.php?rest_route=\/wp\/v2\/types\/page"}],"author":[{"embeddable":true,"href":"https:\/\/technical-publishing.de\/index.php?rest_route=\/wp\/v2\/users\/1"}],"replies":[{"embeddable":true,"href":"https:\/\/technical-publishing.de\/index.php?rest_route=%2Fwp%2Fv2%2Fcomments&post=1352"}],"version-history":[{"count":14,"href":"https:\/\/technical-publishing.de\/index.php?rest_route=\/wp\/v2\/pages\/1352\/revisions"}],"predecessor-version":[{"id":1402,"href":"https:\/\/technical-publishing.de\/index.php?rest_route=\/wp\/v2\/pages\/1352\/revisions\/1402"}],"wp:attachment":[{"href":"https:\/\/technical-publishing.de\/index.php?rest_route=%2Fwp%2Fv2%2Fmedia&parent=1352"}],"curies":[{"name":"wp","href":"https:\/\/api.w.org\/{rel}","templated":true}]}}