{"id":245,"date":"2019-04-14T20:53:19","date_gmt":"2019-04-14T18:53:19","guid":{"rendered":"http:\/\/technical-publishing.de\/?page_id=245"},"modified":"2025-06-06T21:58:46","modified_gmt":"2025-06-06T19:58:46","slug":"das-nextion-farbsystem","status":"publish","type":"page","link":"https:\/\/technical-publishing.de\/?page_id=245","title":{"rendered":"Das Nextion-Farbsystem"},"content":{"rendered":"<hr>\n<p>Der Nextion verwendet zur Darstellung von Farben ein 16-Bit-System, mit dem wir 65.536 Farben darstellen k\u00f6nnen. Die 16-Bit sind in 3 Gruppen zu jeweils 5 bit (Rot), 6 bit (Gr\u00fcn) und 5 bit (Blau) organisiert:<\/p>\n<p>&nbsp;<\/p>\n<div class=\"imgDiv\"><img decoding=\"async\" src=\"https:\/\/www.boecker-systemelektronik.de\/WebRoot\/Store13\/Shops\/63381271\/MediaGallery\/Tutorials_V2\/Nextion_Tutorials\/images\/farbregister.png\"><\/div>\n<p>Wie aus der Grafik zu erkennen ergeben sich aus den Bin\u00e4rdaten die Werte f\u00fcr die reinen Grundfarben:<\/p>\n<ul>\n<li><b>Rot:<\/b> F800 (dezimal &#8222;63488&#8220;)<\/li>\n<li><b>Gr\u00fcn:<\/b> 07E0 (dezimal &#8222;2016&#8220;)<\/li>\n<li><b>Blau:<\/b> 001F (dezimal &#8222;31&#8220;)<\/li>\n<\/ul>\n<p>Alle Mischwerte werden durch Kombinationen der unterschiedlichen Anteile gebildet. Es gibt aber auch einige wenige Farben f\u00fcr die Sie direkt Namen angeben k\u00f6nnen.<\/p>\n<ul>\n<li><b>RED<\/b> (entspricht 63488)<\/li>\n<li><b>BLUE<\/b> (entspricht 31)<\/li>\n<li><b>GREEN<\/b> (entspricht 2016)<\/li>\n<li><b>GRAY<\/b> (entspricht 33840)<\/li>\n<li><b>BLACK<\/b> (entspricht 0)<\/li>\n<li><b>WHITE<\/b> (entspricht 65535)<\/li>\n<li><b>BROWN<\/b> (entspricht 48192)<\/li>\n<li><b>YELLOW<\/b> (entspricht 65504)<\/li>\n<\/ul>\n","protected":false},"excerpt":{"rendered":"<p>Der Nextion verwendet zur Darstellung von Farben ein 16-Bit-System, mit dem wir 65.536 Farben darstellen k\u00f6nnen. Die 16-Bit sind in 3 Gruppen zu jeweils 5 bit (Rot), 6 bit (Gr\u00fcn) und 5 bit (Blau) organisiert: &nbsp; Wie aus der Grafik zu erkennen ergeben sich aus den Bin\u00e4rdaten die Werte f\u00fcr die reinen Grundfarben: Rot: F800&hellip;&nbsp;<a href=\"https:\/\/technical-publishing.de\/?page_id=245\" rel=\"bookmark\">Weiterlesen &raquo;<span class=\"screen-reader-text\">Das Nextion-Farbsystem<\/span><\/a><\/p>\n","protected":false},"author":1,"featured_media":0,"parent":113,"menu_order":0,"comment_status":"closed","ping_status":"closed","template":"","meta":{"neve_meta_sidebar":"","neve_meta_container":"","neve_meta_enable_content_width":"","neve_meta_content_width":70,"neve_meta_title_alignment":"","neve_meta_author_avatar":"","neve_post_elements_order":"","neve_meta_disable_header":"","neve_meta_disable_footer":"","neve_meta_disable_title":"","_themeisle_gutenberg_block_has_review":false,"footnotes":""},"class_list":["post-245","page","type-page","status-publish","hentry"],"_links":{"self":[{"href":"https:\/\/technical-publishing.de\/index.php?rest_route=\/wp\/v2\/pages\/245","targetHints":{"allow":["GET"]}}],"collection":[{"href":"https:\/\/technical-publishing.de\/index.php?rest_route=\/wp\/v2\/pages"}],"about":[{"href":"https:\/\/technical-publishing.de\/index.php?rest_route=\/wp\/v2\/types\/page"}],"author":[{"embeddable":true,"href":"https:\/\/technical-publishing.de\/index.php?rest_route=\/wp\/v2\/users\/1"}],"replies":[{"embeddable":true,"href":"https:\/\/technical-publishing.de\/index.php?rest_route=%2Fwp%2Fv2%2Fcomments&post=245"}],"version-history":[{"count":1,"href":"https:\/\/technical-publishing.de\/index.php?rest_route=\/wp\/v2\/pages\/245\/revisions"}],"predecessor-version":[{"id":246,"href":"https:\/\/technical-publishing.de\/index.php?rest_route=\/wp\/v2\/pages\/245\/revisions\/246"}],"up":[{"embeddable":true,"href":"https:\/\/technical-publishing.de\/index.php?rest_route=\/wp\/v2\/pages\/113"}],"wp:attachment":[{"href":"https:\/\/technical-publishing.de\/index.php?rest_route=%2Fwp%2Fv2%2Fmedia&parent=245"}],"curies":[{"name":"wp","href":"https:\/\/api.w.org\/{rel}","templated":true}]}}